{"id":4690,"date":"2024-01-26T12:12:56","date_gmt":"2024-01-26T11:12:56","guid":{"rendered":"https:\/\/4k5tools.com\/produkte\/unkategorisiert\/tkx-310\/"},"modified":"2026-03-04T08:05:01","modified_gmt":"2026-03-04T07:05:01","slug":"tkx-310","status":"publish","type":"product","link":"https:\/\/4k5tools.com\/nl\/produkte\/messer-und-werkzeuge\/cuttermesser\/tkx-310\/","title":{"rendered":"TKX 310"},"content":{"rendered":"<p>Dit multifunctionele vouwmes maakt indruk met zijn extreem scherpe, verwisselbare trapeziumvormige lemmeten van hoogwaardig, duurzaam SK 4 staal. De ge\u00efntegreerde zeskantbithouder met de meest gangbare maat (\u00bc inch\/6,35 mm) en bits voor kruiskop- en sleufschroeven maken van dit vouwmes een flexibele helper voor de meest uiteenlopende werkzaamheden. De verstelbare 45\u00b0 en 90\u00b0 posities van het mes voor aanpassing aan specifieke eisen verhogen de precisie en zorgen voor een goede controle over de snijdiepte. De lichte en zeer robuuste behuizing van zinklegering heeft een duimsteun voor veilige begeleiding tijdens het snijden. De knopvergrendeling houdt het mes op betrouwbare wijze in de open positie. De reservemessen worden bewaard in het ge\u00efntegreerde messenmagazijn en kunnen snel en zonder gereedschap worden verwisseld.<\/p>","protected":false},"excerpt":{"rendered":"<p>Multifunctioneel vouwmes met verwisselbare trapeziumvormige lemmeten, ge\u00efntegreerd lemmetmagazijn, bithouder en bits<\/p>\n<ul title=\"\">\n<li title=\"\"><span title=\"\">Ultrascherp, vervangbaar trapeziumvormig mes van hoogwaardig, duurzaam SK 4 staal<\/span><\/li>\n<li title=\"\"><span title=\"\">STANDARD NORM ADAPTER: Ge\u00efntegreerde bithouder-zeskant met de meest gangbare maat (\u00bc duim\/6,35 mm) en bits voor kruis- en sleufschroeven zorgen voor extra flexibiliteit<\/span><\/li>\n<li title=\"\"><span title=\"\">Positie van het lemmet instelbaar op 45\u00b0 en 90\u00b0 voor aanpassing aan specifieke eisen, meer precisie en controle over de snijdiepte<\/span><\/li>\n<li title=\"\"><span title=\"\">Lichte en extreem robuuste behuizing van zinklegering<\/span><\/li>\n<li title=\"\"><span title=\"\"> Optimale opslag van reservemessen in het ge\u00efntegreerde messenmagazijn <\/span><\/li>\n<li title=\"\"><span title=\"\">Knopvergrendeling houdt het mes in geopende positie<\/span><\/li>\n<li title=\"\"><span title=\"\">Tapesnijder als hulp<\/span><\/li>\n<li>Snelle vervanging van messen zonder gebruik van gereedschap<\/li>\n<li title=\"\"><span title=\"\">Ideaal voor het snijden van gipsplaten of het indraaien van schroeven<\/span><\/li>\n<li title=\"\"><span title=\"\">Dankzij het compacte formaat gemakkelijk in uw broekzak te steken<\/span><\/li>\n<li title=\"\"><span title=\"\">Gemakkelijk te bevestigen met riemclip<\/span><\/li>\n<li title=\"\"><span title=\"\">Standaard 3 messen bijgeleverd<\/span><\/li>\n<\/ul>","protected":false},"featured_media":4724,"template":"","meta":{"ocean_post_layout":"","ocean_both_sidebars_style":"","ocean_both_sidebars_content_width":0,"ocean_both_sidebars_sidebars_width":0,"ocean_sidebar":"0","ocean_second_sidebar":"0","ocean_disable_margins":"enable","ocean_add_body_class":"","ocean_shortcode_before_top_bar":"","ocean_shortcode_after_top_bar":"","ocean_shortcode_before_header":"","ocean_shortcode_after_header":"","ocean_has_shortcode":"","ocean_shortcode_after_title":"","ocean_shortcode_before_footer_widgets":"","ocean_shortcode_after_footer_widgets":"","ocean_shortcode_before_footer_bottom":"","ocean_shortcode_after_footer_bottom":"","ocean_display_top_bar":"default","ocean_display_header":"default","ocean_header_style":"","ocean_center_header_left_menu":"0","ocean_custom_header_template":"0","ocean_custom_logo":0,"ocean_custom_retina_logo":0,"ocean_custom_logo_max_width":0,"ocean_custom_logo_tablet_max_width":0,"ocean_custom_logo_mobile_max_width":0,"ocean_custom_logo_max_height":0,"ocean_custom_logo_tablet_max_height":0,"ocean_custom_logo_mobile_max_height":0,"ocean_header_custom_menu":"0","ocean_menu_typo_font_family":"0","ocean_menu_typo_font_subset":"","ocean_menu_typo_font_size":0,"ocean_menu_typo_font_size_tablet":0,"ocean_menu_typo_font_size_mobile":0,"ocean_menu_typo_font_size_unit":"px","ocean_menu_typo_font_weight":"","ocean_menu_typo_font_weight_tablet":"","ocean_menu_typo_font_weight_mobile":"","ocean_menu_typo_transform":"","ocean_menu_typo_transform_tablet":"","ocean_menu_typo_transform_mobile":"","ocean_menu_typo_line_height":0,"ocean_menu_typo_line_height_tablet":0,"ocean_menu_typo_line_height_mobile":0,"ocean_menu_typo_line_height_unit":"","ocean_menu_typo_spacing":0,"ocean_menu_typo_spacing_tablet":0,"ocean_menu_typo_spacing_mobile":0,"ocean_menu_typo_spacing_unit":"","ocean_menu_link_color":"","ocean_menu_link_color_hover":"","ocean_menu_link_color_active":"","ocean_menu_link_background":"","ocean_menu_link_hover_background":"","ocean_menu_link_active_background":"","ocean_menu_social_links_bg":"","ocean_menu_social_hover_links_bg":"","ocean_menu_social_links_color":"","ocean_menu_social_hover_links_color":"","ocean_disable_title":"default","ocean_disable_heading":"default","ocean_post_title":"","ocean_post_subheading":"","ocean_post_title_style":"","ocean_post_title_background_color":"","ocean_post_title_background":0,"ocean_post_title_bg_image_position":"","ocean_post_title_bg_image_attachment":"","ocean_post_title_bg_image_repeat":"","ocean_post_title_bg_image_size":"","ocean_post_title_height":0,"ocean_post_title_bg_overlay":0.5,"ocean_post_title_bg_overlay_color":"","ocean_disable_breadcrumbs":"default","ocean_breadcrumbs_color":"","ocean_breadcrumbs_separator_color":"","ocean_breadcrumbs_links_color":"","ocean_breadcrumbs_links_hover_color":"","ocean_display_footer_widgets":"default","ocean_display_footer_bottom":"default","ocean_custom_footer_template":"0"},"product_brand":[],"product_cat":[48,52],"product_tag":[],"class_list":{"0":"post-4690","1":"product","2":"type-product","3":"status-publish","4":"has-post-thumbnail","6":"product_cat-messer-und-werkzeuge","7":"product_cat-cuttermesser","9":"entry","10":"has-media","12":"first","13":"instock","14":"shipping-taxable","15":"product-type-simple","16":"has-product-nav","17":"col","18":"span_1_of_3","19":"owp-content-center","20":"owp-thumbs-layout-horizontal","21":"owp-btn-normal","22":"owp-tabs-layout-horizontal"},"yoast_head":"<!-- This site is optimized with the Yoast SEO plugin v27.0 - https:\/\/yoast.com\/product\/yoast-seo-wordpress\/ -->\n<title>TKX 310 - 4K5 BETTER EQUIPMENT<\/title>\n<meta name=\"robots\" content=\"index, follow, max-snippet:-1, max-image-preview:large, max-video-preview:-1\" \/>\n<link rel=\"canonical\" href=\"https:\/\/4k5tools.com\/nl\/produkte\/messer-und-werkzeuge\/cuttermesser\/tkx-310\/\" \/>\n<meta property=\"og:locale\" content=\"nl_NL\" \/>\n<meta property=\"og:type\" content=\"article\" \/>\n<meta property=\"og:title\" content=\"TKX 310 - 4K5 BETTER EQUIPMENT\" \/>\n<meta property=\"og:description\" content=\"Multifunktionales Klappmesser mit austauschbaren Trapezklingen, integriertem Klingenmagazin, Bit-Halter und Bits   Ultra scharfe, auswechselbare Trapezklinge aus hochwertigem und widerstandsf\u00e4higen SK 4 Stahl  STANDARD NORM ADAPTER: Integrierter Bithalter\u2013Sechskant mit dem g\u00e4ngigsten Ma\u00df (\u00bc Zoll\/6,35 mm) und Bits f\u00fcr Kreuz- und Schlitzschrauben erh\u00f6hen die Flexibilit\u00e4t  Einstellbare 45\u00b0- und 90\u00b0-Positionen der Klinge zur Anpassung an spezifische Anforderungen, erh\u00f6hte Pr\u00e4zision und Kontrolle \u00fcber die Schnitttiefe  Leichtes und extrem robustes Geh\u00e4use aus Zink-Legierung   Optimale Aufbewahrung der Ersatzklingen im integrierten Klingenmagazin   Button-Lock-Verriegelung h\u00e4lt die Klinge in ge\u00f6ffneter Position  Bandschneider als Helfer  Schnelles Wechseln der Klinge ohne Werkzeugeinsatz  Ideal zum Gipskarton schneiden oder Schrauben reindrehen  Leicht in der Hosentasche zu verstauen durch kompakte Gr\u00f6\u00dfe  Einfache Befestigung mit G\u00fcrtelclip  3 Klingen im Lieferumfang enthalten\" \/>\n<meta property=\"og:url\" content=\"https:\/\/4k5tools.com\/nl\/produkte\/messer-und-werkzeuge\/cuttermesser\/tkx-310\/\" \/>\n<meta property=\"og:site_name\" content=\"4K5 BETTER EQUIPMENT\" \/>\n<meta property=\"article:modified_time\" content=\"2026-03-04T07:05:01+00:00\" \/>\n<meta property=\"og:image\" content=\"https:\/\/4k5tools.com\/wp-content\/uploads\/2024\/01\/600.310A-Messer-4K5-Perspektive.webp\" \/>\n\t<meta property=\"og:image:width\" content=\"1300\" \/>\n\t<meta property=\"og:image:height\" content=\"1300\" \/>\n\t<meta property=\"og:image:type\" content=\"image\/webp\" \/>\n<meta name=\"twitter:card\" content=\"summary_large_image\" \/>\n<meta name=\"twitter:label1\" content=\"Verwachte leestijd\" \/>\n\t<meta name=\"twitter:data1\" content=\"1 minuut\" \/>\n<script type=\"application\/ld+json\" class=\"yoast-schema-graph\">{\"@context\":\"https:\/\/schema.org\",\"@graph\":[{\"@type\":\"WebPage\",\"@id\":\"https:\/\/4k5tools.com\/produkte\/messer-und-werkzeuge\/cuttermesser\/tkx-310\/\",\"url\":\"https:\/\/4k5tools.com\/produkte\/messer-und-werkzeuge\/cuttermesser\/tkx-310\/\",\"name\":\"TKX 310 - 4K5 BETTER EQUIPMENT\",\"isPartOf\":{\"@id\":\"https:\/\/4k5tools.com\/#website\"},\"primaryImageOfPage\":{\"@id\":\"https:\/\/4k5tools.com\/produkte\/messer-und-werkzeuge\/cuttermesser\/tkx-310\/#primaryimage\"},\"image\":{\"@id\":\"https:\/\/4k5tools.com\/produkte\/messer-und-werkzeuge\/cuttermesser\/tkx-310\/#primaryimage\"},\"thumbnailUrl\":\"https:\/\/4k5tools.com\/wp-content\/uploads\/2024\/01\/600.310A-Messer-4K5-Perspektive.webp\",\"datePublished\":\"2024-01-26T11:12:56+00:00\",\"dateModified\":\"2026-03-04T07:05:01+00:00\",\"breadcrumb\":{\"@id\":\"https:\/\/4k5tools.com\/produkte\/messer-und-werkzeuge\/cuttermesser\/tkx-310\/#breadcrumb\"},\"inLanguage\":\"nl-NL\",\"potentialAction\":[{\"@type\":\"ReadAction\",\"target\":[\"https:\/\/4k5tools.com\/produkte\/messer-und-werkzeuge\/cuttermesser\/tkx-310\/\"]}]},{\"@type\":\"ImageObject\",\"inLanguage\":\"nl-NL\",\"@id\":\"https:\/\/4k5tools.com\/produkte\/messer-und-werkzeuge\/cuttermesser\/tkx-310\/#primaryimage\",\"url\":\"https:\/\/4k5tools.com\/wp-content\/uploads\/2024\/01\/600.310A-Messer-4K5-Perspektive.webp\",\"contentUrl\":\"https:\/\/4k5tools.com\/wp-content\/uploads\/2024\/01\/600.310A-Messer-4K5-Perspektive.webp\",\"width\":1300,\"height\":1300,\"caption\":\"TKX 310 Cuttermesser\"},{\"@type\":\"BreadcrumbList\",\"@id\":\"https:\/\/4k5tools.com\/produkte\/messer-und-werkzeuge\/cuttermesser\/tkx-310\/#breadcrumb\",\"itemListElement\":[{\"@type\":\"ListItem\",\"position\":1,\"name\":\"START\",\"item\":\"https:\/\/4k5tools.com\/\"},{\"@type\":\"ListItem\",\"position\":2,\"name\":\"PRODUKTE\",\"item\":\"https:\/\/4k5tools.com\/shop\/\"},{\"@type\":\"ListItem\",\"position\":3,\"name\":\"MESSER UND WERKZEUGE\",\"item\":\"https:\/\/4k5tools.com\/produkt-kategorie\/messer-und-werkzeuge\/\"},{\"@type\":\"ListItem\",\"position\":4,\"name\":\"TKX 310\"}]},{\"@type\":\"WebSite\",\"@id\":\"https:\/\/4k5tools.com\/#website\",\"url\":\"https:\/\/4k5tools.com\/\",\"name\":\"4K5 BETTER EQUIPMENT\",\"description\":\"\",\"publisher\":{\"@id\":\"https:\/\/4k5tools.com\/#organization\"},\"potentialAction\":[{\"@type\":\"SearchAction\",\"target\":{\"@type\":\"EntryPoint\",\"urlTemplate\":\"https:\/\/4k5tools.com\/?s={search_term_string}\"},\"query-input\":{\"@type\":\"PropertyValueSpecification\",\"valueRequired\":true,\"valueName\":\"search_term_string\"}}],\"inLanguage\":\"nl-NL\"},{\"@type\":\"Organization\",\"@id\":\"https:\/\/4k5tools.com\/#organization\",\"name\":\"4K5 BETTER EQUIPMENT\",\"url\":\"https:\/\/4k5tools.com\/\",\"logo\":{\"@type\":\"ImageObject\",\"inLanguage\":\"nl-NL\",\"@id\":\"https:\/\/4k5tools.com\/#\/schema\/logo\/image\/\",\"url\":\"https:\/\/4k5tools.com\/wp-content\/uploads\/2022\/04\/4K5_Better-Equipment.webp\",\"contentUrl\":\"https:\/\/4k5tools.com\/wp-content\/uploads\/2022\/04\/4K5_Better-Equipment.webp\",\"width\":550,\"height\":200,\"caption\":\"4K5 BETTER EQUIPMENT\"},\"image\":{\"@id\":\"https:\/\/4k5tools.com\/#\/schema\/logo\/image\/\"}}]}<\/script>\n<!-- \/ Yoast SEO plugin. -->","yoast_head_json":{"title":"TKX 310 - 4K5 BETTER EQUIPMENT","robots":{"index":"index","follow":"follow","max-snippet":"max-snippet:-1","max-image-preview":"max-image-preview:large","max-video-preview":"max-video-preview:-1"},"canonical":"https:\/\/4k5tools.com\/nl\/produkte\/messer-und-werkzeuge\/cuttermesser\/tkx-310\/","og_locale":"nl_NL","og_type":"article","og_title":"TKX 310 - 4K5 BETTER EQUIPMENT","og_description":"Multifunktionales Klappmesser mit austauschbaren Trapezklingen, integriertem Klingenmagazin, Bit-Halter und Bits   Ultra scharfe, auswechselbare Trapezklinge aus hochwertigem und widerstandsf\u00e4higen SK 4 Stahl  STANDARD NORM ADAPTER: Integrierter Bithalter\u2013Sechskant mit dem g\u00e4ngigsten Ma\u00df (\u00bc Zoll\/6,35 mm) und Bits f\u00fcr Kreuz- und Schlitzschrauben erh\u00f6hen die Flexibilit\u00e4t  Einstellbare 45\u00b0- und 90\u00b0-Positionen der Klinge zur Anpassung an spezifische Anforderungen, erh\u00f6hte Pr\u00e4zision und Kontrolle \u00fcber die Schnitttiefe  Leichtes und extrem robustes Geh\u00e4use aus Zink-Legierung   Optimale Aufbewahrung der Ersatzklingen im integrierten Klingenmagazin   Button-Lock-Verriegelung h\u00e4lt die Klinge in ge\u00f6ffneter Position  Bandschneider als Helfer  Schnelles Wechseln der Klinge ohne Werkzeugeinsatz  Ideal zum Gipskarton schneiden oder Schrauben reindrehen  Leicht in der Hosentasche zu verstauen durch kompakte Gr\u00f6\u00dfe  Einfache Befestigung mit G\u00fcrtelclip  3 Klingen im Lieferumfang enthalten","og_url":"https:\/\/4k5tools.com\/nl\/produkte\/messer-und-werkzeuge\/cuttermesser\/tkx-310\/","og_site_name":"4K5 BETTER EQUIPMENT","article_modified_time":"2026-03-04T07:05:01+00:00","og_image":[{"width":1300,"height":1300,"url":"https:\/\/4k5tools.com\/wp-content\/uploads\/2024\/01\/600.310A-Messer-4K5-Perspektive.webp","type":"image\/webp"}],"twitter_card":"summary_large_image","twitter_misc":{"Verwachte leestijd":"1 minuut"},"schema":{"@context":"https:\/\/schema.org","@graph":[{"@type":"WebPage","@id":"https:\/\/4k5tools.com\/produkte\/messer-und-werkzeuge\/cuttermesser\/tkx-310\/","url":"https:\/\/4k5tools.com\/produkte\/messer-und-werkzeuge\/cuttermesser\/tkx-310\/","name":"TKX 310 - 4K5 BETTER EQUIPMENT","isPartOf":{"@id":"https:\/\/4k5tools.com\/#website"},"primaryImageOfPage":{"@id":"https:\/\/4k5tools.com\/produkte\/messer-und-werkzeuge\/cuttermesser\/tkx-310\/#primaryimage"},"image":{"@id":"https:\/\/4k5tools.com\/produkte\/messer-und-werkzeuge\/cuttermesser\/tkx-310\/#primaryimage"},"thumbnailUrl":"https:\/\/4k5tools.com\/wp-content\/uploads\/2024\/01\/600.310A-Messer-4K5-Perspektive.webp","datePublished":"2024-01-26T11:12:56+00:00","dateModified":"2026-03-04T07:05:01+00:00","breadcrumb":{"@id":"https:\/\/4k5tools.com\/produkte\/messer-und-werkzeuge\/cuttermesser\/tkx-310\/#breadcrumb"},"inLanguage":"nl-NL","potentialAction":[{"@type":"ReadAction","target":["https:\/\/4k5tools.com\/produkte\/messer-und-werkzeuge\/cuttermesser\/tkx-310\/"]}]},{"@type":"ImageObject","inLanguage":"nl-NL","@id":"https:\/\/4k5tools.com\/produkte\/messer-und-werkzeuge\/cuttermesser\/tkx-310\/#primaryimage","url":"https:\/\/4k5tools.com\/wp-content\/uploads\/2024\/01\/600.310A-Messer-4K5-Perspektive.webp","contentUrl":"https:\/\/4k5tools.com\/wp-content\/uploads\/2024\/01\/600.310A-Messer-4K5-Perspektive.webp","width":1300,"height":1300,"caption":"TKX 310 Cuttermesser"},{"@type":"BreadcrumbList","@id":"https:\/\/4k5tools.com\/produkte\/messer-und-werkzeuge\/cuttermesser\/tkx-310\/#breadcrumb","itemListElement":[{"@type":"ListItem","position":1,"name":"START","item":"https:\/\/4k5tools.com\/"},{"@type":"ListItem","position":2,"name":"PRODUKTE","item":"https:\/\/4k5tools.com\/shop\/"},{"@type":"ListItem","position":3,"name":"MESSER UND WERKZEUGE","item":"https:\/\/4k5tools.com\/produkt-kategorie\/messer-und-werkzeuge\/"},{"@type":"ListItem","position":4,"name":"TKX 310"}]},{"@type":"WebSite","@id":"https:\/\/4k5tools.com\/#website","url":"https:\/\/4k5tools.com\/","name":"4K5 BETTER EQUIPMENT","description":"","publisher":{"@id":"https:\/\/4k5tools.com\/#organization"},"potentialAction":[{"@type":"SearchAction","target":{"@type":"EntryPoint","urlTemplate":"https:\/\/4k5tools.com\/?s={search_term_string}"},"query-input":{"@type":"PropertyValueSpecification","valueRequired":true,"valueName":"search_term_string"}}],"inLanguage":"nl-NL"},{"@type":"Organization","@id":"https:\/\/4k5tools.com\/#organization","name":"4K5 BETTER EQUIPMENT","url":"https:\/\/4k5tools.com\/","logo":{"@type":"ImageObject","inLanguage":"nl-NL","@id":"https:\/\/4k5tools.com\/#\/schema\/logo\/image\/","url":"https:\/\/4k5tools.com\/wp-content\/uploads\/2022\/04\/4K5_Better-Equipment.webp","contentUrl":"https:\/\/4k5tools.com\/wp-content\/uploads\/2022\/04\/4K5_Better-Equipment.webp","width":550,"height":200,"caption":"4K5 BETTER EQUIPMENT"},"image":{"@id":"https:\/\/4k5tools.com\/#\/schema\/logo\/image\/"}}]}},"_links":{"self":[{"href":"https:\/\/4k5tools.com\/nl\/wp-json\/wp\/v2\/product\/4690","targetHints":{"allow":["GET"]}}],"collection":[{"href":"https:\/\/4k5tools.com\/nl\/wp-json\/wp\/v2\/product"}],"about":[{"href":"https:\/\/4k5tools.com\/nl\/wp-json\/wp\/v2\/types\/product"}],"wp:featuredmedia":[{"embeddable":true,"href":"https:\/\/4k5tools.com\/nl\/wp-json\/wp\/v2\/media\/4724"}],"wp:attachment":[{"href":"https:\/\/4k5tools.com\/nl\/wp-json\/wp\/v2\/media?parent=4690"}],"wp:term":[{"taxonomy":"product_brand","embeddable":true,"href":"https:\/\/4k5tools.com\/nl\/wp-json\/wp\/v2\/product_brand?post=4690"},{"taxonomy":"product_cat","embeddable":true,"href":"https:\/\/4k5tools.com\/nl\/wp-json\/wp\/v2\/product_cat?post=4690"},{"taxonomy":"product_tag","embeddable":true,"href":"https:\/\/4k5tools.com\/nl\/wp-json\/wp\/v2\/product_tag?post=4690"}],"curies":[{"name":"wp","href":"https:\/\/api.w.org\/{rel}","templated":true}]}}