{"id":4692,"date":"2024-01-26T12:12:57","date_gmt":"2024-01-26T11:12:57","guid":{"rendered":"https:\/\/4k5tools.com\/produkte\/unkategorisiert\/cr-9-s\/"},"modified":"2026-03-04T08:03:41","modified_gmt":"2026-03-04T07:03:41","slug":"cr-9-s","status":"publish","type":"product","link":"https:\/\/4k5tools.com\/nl\/produkte\/messer-und-werkzeuge\/cuttermesser\/cr-9-s\/","title":{"rendered":"CR 9 S"},"content":{"rendered":"<p>Het compacte cuttermes met uiterst scherpe, met carbon gecoate en roestvrije afbreekmesjes maakt nauwkeurig snijden mogelijk en is dankzij de scalpelvorm ideaal voor moeilijk bereikbare plaatsen. De scherpe hoek van het lemmet vermindert ook de hoeveelheid kracht die bij het snijden nodig is, waardoor het mes gemakkelijker te hanteren is en het werk minder vermoeiend is. Een automatische lemmetvergrendeling maakt het gebruik comfortabeler. De lengte van het lemmet kan zeer eenvoudig worden ingesteld en het lemmet kan zonder gereedschap worden verwisseld. Vijf lemmeten zijn bij de levering inbegrepen.<\/p>","protected":false},"excerpt":{"rendered":"<p>Compact en hoogwaardig cuttermes in scalpelvorm met roestvrije, scherp gehoekte en met carbon gecoate afbreekmesjes<\/p>\n<ul title=\"\">\n<li title=\"\"><span title=\"\">Uiterst scherpe en roestvrije afbreekmesjes met carboncoating, met ideaal glijvermogen<\/span><\/li>\n<li title=\"\"><span title=\"\">De puntige lemmetvorm is ideaal voor nauwkeurig snijden met weinig inspanning, zelfs op moeilijk bereikbare plaatsen <\/span><\/li>\n<li title=\"\"><span title=\"\">De carboncoating vermindert de hechting van lijm-, tape- of verfresten<\/span><\/li>\n<li title=\"\"><span title=\"\">Stevige metalen lemmetgeleiding<\/span><\/li>\n<li title=\"\"><span title=\"\">Extremely easy to use due to compact design<\/span><\/li>\n<li title=\"\"><span title=\"\">Handige automatische mesvergrendeling<\/span><\/li>\n<li title=\"\"><span title=\"\">Elke lemmet met 10 afbreekbare segmenten voor 11-voudig gebruiksnut<\/span><\/li>\n<li title=\"\"><span title=\"\">Snelle vervanging van messen zonder gebruik van gereedschap<\/span><\/li>\n<li title=\"\"><span title=\"\">Gemakkelijke aanpassing van de meslengte<\/span><\/li>\n<li title=\"\"><span title=\"\">Standaard 5 messen bijgeleverd<\/span><\/li>\n<\/ul>","protected":false},"featured_media":4738,"template":"","meta":{"ocean_post_layout":"","ocean_both_sidebars_style":"","ocean_both_sidebars_content_width":0,"ocean_both_sidebars_sidebars_width":0,"ocean_sidebar":"0","ocean_second_sidebar":"0","ocean_disable_margins":"enable","ocean_add_body_class":"","ocean_shortcode_before_top_bar":"","ocean_shortcode_after_top_bar":"","ocean_shortcode_before_header":"","ocean_shortcode_after_header":"","ocean_has_shortcode":"","ocean_shortcode_after_title":"","ocean_shortcode_before_footer_widgets":"","ocean_shortcode_after_footer_widgets":"","ocean_shortcode_before_footer_bottom":"","ocean_shortcode_after_footer_bottom":"","ocean_display_top_bar":"default","ocean_display_header":"default","ocean_header_style":"","ocean_center_header_left_menu":"0","ocean_custom_header_template":"0","ocean_custom_logo":0,"ocean_custom_retina_logo":0,"ocean_custom_logo_max_width":0,"ocean_custom_logo_tablet_max_width":0,"ocean_custom_logo_mobile_max_width":0,"ocean_custom_logo_max_height":0,"ocean_custom_logo_tablet_max_height":0,"ocean_custom_logo_mobile_max_height":0,"ocean_header_custom_menu":"0","ocean_menu_typo_font_family":"0","ocean_menu_typo_font_subset":"","ocean_menu_typo_font_size":0,"ocean_menu_typo_font_size_tablet":0,"ocean_menu_typo_font_size_mobile":0,"ocean_menu_typo_font_size_unit":"px","ocean_menu_typo_font_weight":"","ocean_menu_typo_font_weight_tablet":"","ocean_menu_typo_font_weight_mobile":"","ocean_menu_typo_transform":"","ocean_menu_typo_transform_tablet":"","ocean_menu_typo_transform_mobile":"","ocean_menu_typo_line_height":0,"ocean_menu_typo_line_height_tablet":0,"ocean_menu_typo_line_height_mobile":0,"ocean_menu_typo_line_height_unit":"","ocean_menu_typo_spacing":0,"ocean_menu_typo_spacing_tablet":0,"ocean_menu_typo_spacing_mobile":0,"ocean_menu_typo_spacing_unit":"","ocean_menu_link_color":"","ocean_menu_link_color_hover":"","ocean_menu_link_color_active":"","ocean_menu_link_background":"","ocean_menu_link_hover_background":"","ocean_menu_link_active_background":"","ocean_menu_social_links_bg":"","ocean_menu_social_hover_links_bg":"","ocean_menu_social_links_color":"","ocean_menu_social_hover_links_color":"","ocean_disable_title":"default","ocean_disable_heading":"default","ocean_post_title":"","ocean_post_subheading":"","ocean_post_title_style":"","ocean_post_title_background_color":"","ocean_post_title_background":0,"ocean_post_title_bg_image_position":"","ocean_post_title_bg_image_attachment":"","ocean_post_title_bg_image_repeat":"","ocean_post_title_bg_image_size":"","ocean_post_title_height":0,"ocean_post_title_bg_overlay":0.5,"ocean_post_title_bg_overlay_color":"","ocean_disable_breadcrumbs":"default","ocean_breadcrumbs_color":"","ocean_breadcrumbs_separator_color":"","ocean_breadcrumbs_links_color":"","ocean_breadcrumbs_links_hover_color":"","ocean_display_footer_widgets":"default","ocean_display_footer_bottom":"default","ocean_custom_footer_template":"0"},"product_brand":[],"product_cat":[52,48],"product_tag":[],"class_list":{"0":"post-4692","1":"product","2":"type-product","3":"status-publish","4":"has-post-thumbnail","6":"product_cat-cuttermesser","7":"product_cat-messer-und-werkzeuge","9":"entry","10":"has-media","12":"first","13":"instock","14":"shipping-taxable","15":"product-type-simple","16":"has-product-nav","17":"col","18":"span_1_of_3","19":"owp-content-center","20":"owp-thumbs-layout-horizontal","21":"owp-btn-normal","22":"owp-tabs-layout-horizontal"},"yoast_head":"<!-- This site is optimized with the Yoast SEO plugin v27.3 - https:\/\/yoast.com\/product\/yoast-seo-wordpress\/ -->\n<title>CR 9 S - 4K5 BETTER EQUIPMENT<\/title>\n<meta name=\"robots\" content=\"index, follow, max-snippet:-1, max-image-preview:large, max-video-preview:-1\" \/>\n<link rel=\"canonical\" href=\"https:\/\/4k5tools.com\/nl\/produkte\/messer-und-werkzeuge\/cuttermesser\/cr-9-s\/\" \/>\n<meta property=\"og:locale\" content=\"nl_NL\" \/>\n<meta property=\"og:type\" content=\"article\" \/>\n<meta property=\"og:title\" content=\"CR 9 S - 4K5 BETTER EQUIPMENT\" \/>\n<meta property=\"og:description\" content=\"Kompaktes und hochwertiges Cuttermesser in Skalpell-Ausf\u00fchrung mit rostfreien, spitzwinkligen und Carbon-beschichteten Abbrechklingen   Extrem scharfe, Carbon-beschichtete und rostfreie Abbrechklingen mit idealer Gleitf\u00e4higkeit  Spitze Klingenform ideal f\u00fcr pr\u00e4zises Schneiden mit minimalem Kraftaufwand auch an schwer zug\u00e4nglichen Stellen   Carbon-Beschichtung reduziert Anhaften von Klebstoff-, Klebeband- oder Farbr\u00fcckst\u00e4nden  Stabile Metall-Klingenf\u00fchrung  Optimale Handlichkeit durch kompakte Bauform  Komfortable automatische Feststellung der Klinge  Jede Klinge mit 10 Abbrechsegmenten f\u00fcr 11-fachen Nutzen  Schnelles Wechseln der Klinge ohne Werkzeugeinsatz  Einfaches Einstellen der Klingenl\u00e4nge  5 Klingen im Lieferumfang enthalten\" \/>\n<meta property=\"og:url\" content=\"https:\/\/4k5tools.com\/nl\/produkte\/messer-und-werkzeuge\/cuttermesser\/cr-9-s\/\" \/>\n<meta property=\"og:site_name\" content=\"4K5 BETTER EQUIPMENT\" \/>\n<meta property=\"article:modified_time\" content=\"2026-03-04T07:03:41+00:00\" \/>\n<meta property=\"og:image\" content=\"https:\/\/4k5tools.com\/wp-content\/uploads\/2024\/01\/600.314A-Messer-4K5-Perspektive.webp\" \/>\n\t<meta property=\"og:image:width\" content=\"1300\" \/>\n\t<meta property=\"og:image:height\" content=\"1300\" \/>\n\t<meta property=\"og:image:type\" content=\"image\/webp\" \/>\n<meta name=\"twitter:card\" content=\"summary_large_image\" \/>\n<meta name=\"twitter:label1\" content=\"Verwachte leestijd\" \/>\n\t<meta name=\"twitter:data1\" content=\"1 minuut\" \/>\n<script type=\"application\/ld+json\" class=\"yoast-schema-graph\">{\"@context\":\"https:\\\/\\\/schema.org\",\"@graph\":[{\"@type\":\"WebPage\",\"@id\":\"https:\\\/\\\/4k5tools.com\\\/produkte\\\/messer-und-werkzeuge\\\/cuttermesser\\\/cr-9-s\\\/\",\"url\":\"https:\\\/\\\/4k5tools.com\\\/produkte\\\/messer-und-werkzeuge\\\/cuttermesser\\\/cr-9-s\\\/\",\"name\":\"CR 9 S - 4K5 BETTER EQUIPMENT\",\"isPartOf\":{\"@id\":\"https:\\\/\\\/4k5tools.com\\\/#website\"},\"primaryImageOfPage\":{\"@id\":\"https:\\\/\\\/4k5tools.com\\\/produkte\\\/messer-und-werkzeuge\\\/cuttermesser\\\/cr-9-s\\\/#primaryimage\"},\"image\":{\"@id\":\"https:\\\/\\\/4k5tools.com\\\/produkte\\\/messer-und-werkzeuge\\\/cuttermesser\\\/cr-9-s\\\/#primaryimage\"},\"thumbnailUrl\":\"https:\\\/\\\/4k5tools.com\\\/wp-content\\\/uploads\\\/2024\\\/01\\\/600.314A-Messer-4K5-Perspektive.webp\",\"datePublished\":\"2024-01-26T11:12:57+00:00\",\"dateModified\":\"2026-03-04T07:03:41+00:00\",\"breadcrumb\":{\"@id\":\"https:\\\/\\\/4k5tools.com\\\/produkte\\\/messer-und-werkzeuge\\\/cuttermesser\\\/cr-9-s\\\/#breadcrumb\"},\"inLanguage\":\"nl-NL\",\"potentialAction\":[{\"@type\":\"ReadAction\",\"target\":[\"https:\\\/\\\/4k5tools.com\\\/produkte\\\/messer-und-werkzeuge\\\/cuttermesser\\\/cr-9-s\\\/\"]}]},{\"@type\":\"ImageObject\",\"inLanguage\":\"nl-NL\",\"@id\":\"https:\\\/\\\/4k5tools.com\\\/produkte\\\/messer-und-werkzeuge\\\/cuttermesser\\\/cr-9-s\\\/#primaryimage\",\"url\":\"https:\\\/\\\/4k5tools.com\\\/wp-content\\\/uploads\\\/2024\\\/01\\\/600.314A-Messer-4K5-Perspektive.webp\",\"contentUrl\":\"https:\\\/\\\/4k5tools.com\\\/wp-content\\\/uploads\\\/2024\\\/01\\\/600.314A-Messer-4K5-Perspektive.webp\",\"width\":1300,\"height\":1300,\"caption\":\"CR 9 S Cuttermesser\"},{\"@type\":\"BreadcrumbList\",\"@id\":\"https:\\\/\\\/4k5tools.com\\\/produkte\\\/messer-und-werkzeuge\\\/cuttermesser\\\/cr-9-s\\\/#breadcrumb\",\"itemListElement\":[{\"@type\":\"ListItem\",\"position\":1,\"name\":\"START\",\"item\":\"https:\\\/\\\/4k5tools.com\\\/\"},{\"@type\":\"ListItem\",\"position\":2,\"name\":\"PRODUKTE\",\"item\":\"https:\\\/\\\/4k5tools.com\\\/shop\\\/\"},{\"@type\":\"ListItem\",\"position\":3,\"name\":\"MESSER UND WERKZEUGE\",\"item\":\"https:\\\/\\\/4k5tools.com\\\/produkt-kategorie\\\/messer-und-werkzeuge\\\/\"},{\"@type\":\"ListItem\",\"position\":4,\"name\":\"CR 9 S\"}]},{\"@type\":\"WebSite\",\"@id\":\"https:\\\/\\\/4k5tools.com\\\/#website\",\"url\":\"https:\\\/\\\/4k5tools.com\\\/\",\"name\":\"4K5 BETTER EQUIPMENT\",\"description\":\"\",\"publisher\":{\"@id\":\"https:\\\/\\\/4k5tools.com\\\/#organization\"},\"potentialAction\":[{\"@type\":\"SearchAction\",\"target\":{\"@type\":\"EntryPoint\",\"urlTemplate\":\"https:\\\/\\\/4k5tools.com\\\/?s={search_term_string}\"},\"query-input\":{\"@type\":\"PropertyValueSpecification\",\"valueRequired\":true,\"valueName\":\"search_term_string\"}}],\"inLanguage\":\"nl-NL\"},{\"@type\":\"Organization\",\"@id\":\"https:\\\/\\\/4k5tools.com\\\/#organization\",\"name\":\"4K5 BETTER EQUIPMENT\",\"url\":\"https:\\\/\\\/4k5tools.com\\\/\",\"logo\":{\"@type\":\"ImageObject\",\"inLanguage\":\"nl-NL\",\"@id\":\"https:\\\/\\\/4k5tools.com\\\/#\\\/schema\\\/logo\\\/image\\\/\",\"url\":\"https:\\\/\\\/4k5tools.com\\\/wp-content\\\/uploads\\\/2022\\\/04\\\/4K5_Better-Equipment.webp\",\"contentUrl\":\"https:\\\/\\\/4k5tools.com\\\/wp-content\\\/uploads\\\/2022\\\/04\\\/4K5_Better-Equipment.webp\",\"width\":550,\"height\":200,\"caption\":\"4K5 BETTER EQUIPMENT\"},\"image\":{\"@id\":\"https:\\\/\\\/4k5tools.com\\\/#\\\/schema\\\/logo\\\/image\\\/\"}}]}<\/script>\n<!-- \/ Yoast SEO plugin. -->","yoast_head_json":{"title":"CR 9 S - 4K5 BETTER EQUIPMENT","robots":{"index":"index","follow":"follow","max-snippet":"max-snippet:-1","max-image-preview":"max-image-preview:large","max-video-preview":"max-video-preview:-1"},"canonical":"https:\/\/4k5tools.com\/nl\/produkte\/messer-und-werkzeuge\/cuttermesser\/cr-9-s\/","og_locale":"nl_NL","og_type":"article","og_title":"CR 9 S - 4K5 BETTER EQUIPMENT","og_description":"Kompaktes und hochwertiges Cuttermesser in Skalpell-Ausf\u00fchrung mit rostfreien, spitzwinkligen und Carbon-beschichteten Abbrechklingen   Extrem scharfe, Carbon-beschichtete und rostfreie Abbrechklingen mit idealer Gleitf\u00e4higkeit  Spitze Klingenform ideal f\u00fcr pr\u00e4zises Schneiden mit minimalem Kraftaufwand auch an schwer zug\u00e4nglichen Stellen   Carbon-Beschichtung reduziert Anhaften von Klebstoff-, Klebeband- oder Farbr\u00fcckst\u00e4nden  Stabile Metall-Klingenf\u00fchrung  Optimale Handlichkeit durch kompakte Bauform  Komfortable automatische Feststellung der Klinge  Jede Klinge mit 10 Abbrechsegmenten f\u00fcr 11-fachen Nutzen  Schnelles Wechseln der Klinge ohne Werkzeugeinsatz  Einfaches Einstellen der Klingenl\u00e4nge  5 Klingen im Lieferumfang enthalten","og_url":"https:\/\/4k5tools.com\/nl\/produkte\/messer-und-werkzeuge\/cuttermesser\/cr-9-s\/","og_site_name":"4K5 BETTER EQUIPMENT","article_modified_time":"2026-03-04T07:03:41+00:00","og_image":[{"width":1300,"height":1300,"url":"https:\/\/4k5tools.com\/wp-content\/uploads\/2024\/01\/600.314A-Messer-4K5-Perspektive.webp","type":"image\/webp"}],"twitter_card":"summary_large_image","twitter_misc":{"Verwachte leestijd":"1 minuut"},"schema":{"@context":"https:\/\/schema.org","@graph":[{"@type":"WebPage","@id":"https:\/\/4k5tools.com\/produkte\/messer-und-werkzeuge\/cuttermesser\/cr-9-s\/","url":"https:\/\/4k5tools.com\/produkte\/messer-und-werkzeuge\/cuttermesser\/cr-9-s\/","name":"CR 9 S - 4K5 BETTER EQUIPMENT","isPartOf":{"@id":"https:\/\/4k5tools.com\/#website"},"primaryImageOfPage":{"@id":"https:\/\/4k5tools.com\/produkte\/messer-und-werkzeuge\/cuttermesser\/cr-9-s\/#primaryimage"},"image":{"@id":"https:\/\/4k5tools.com\/produkte\/messer-und-werkzeuge\/cuttermesser\/cr-9-s\/#primaryimage"},"thumbnailUrl":"https:\/\/4k5tools.com\/wp-content\/uploads\/2024\/01\/600.314A-Messer-4K5-Perspektive.webp","datePublished":"2024-01-26T11:12:57+00:00","dateModified":"2026-03-04T07:03:41+00:00","breadcrumb":{"@id":"https:\/\/4k5tools.com\/produkte\/messer-und-werkzeuge\/cuttermesser\/cr-9-s\/#breadcrumb"},"inLanguage":"nl-NL","potentialAction":[{"@type":"ReadAction","target":["https:\/\/4k5tools.com\/produkte\/messer-und-werkzeuge\/cuttermesser\/cr-9-s\/"]}]},{"@type":"ImageObject","inLanguage":"nl-NL","@id":"https:\/\/4k5tools.com\/produkte\/messer-und-werkzeuge\/cuttermesser\/cr-9-s\/#primaryimage","url":"https:\/\/4k5tools.com\/wp-content\/uploads\/2024\/01\/600.314A-Messer-4K5-Perspektive.webp","contentUrl":"https:\/\/4k5tools.com\/wp-content\/uploads\/2024\/01\/600.314A-Messer-4K5-Perspektive.webp","width":1300,"height":1300,"caption":"CR 9 S Cuttermesser"},{"@type":"BreadcrumbList","@id":"https:\/\/4k5tools.com\/produkte\/messer-und-werkzeuge\/cuttermesser\/cr-9-s\/#breadcrumb","itemListElement":[{"@type":"ListItem","position":1,"name":"START","item":"https:\/\/4k5tools.com\/"},{"@type":"ListItem","position":2,"name":"PRODUKTE","item":"https:\/\/4k5tools.com\/shop\/"},{"@type":"ListItem","position":3,"name":"MESSER UND WERKZEUGE","item":"https:\/\/4k5tools.com\/produkt-kategorie\/messer-und-werkzeuge\/"},{"@type":"ListItem","position":4,"name":"CR 9 S"}]},{"@type":"WebSite","@id":"https:\/\/4k5tools.com\/#website","url":"https:\/\/4k5tools.com\/","name":"4K5 BETTER EQUIPMENT","description":"","publisher":{"@id":"https:\/\/4k5tools.com\/#organization"},"potentialAction":[{"@type":"SearchAction","target":{"@type":"EntryPoint","urlTemplate":"https:\/\/4k5tools.com\/?s={search_term_string}"},"query-input":{"@type":"PropertyValueSpecification","valueRequired":true,"valueName":"search_term_string"}}],"inLanguage":"nl-NL"},{"@type":"Organization","@id":"https:\/\/4k5tools.com\/#organization","name":"4K5 BETTER EQUIPMENT","url":"https:\/\/4k5tools.com\/","logo":{"@type":"ImageObject","inLanguage":"nl-NL","@id":"https:\/\/4k5tools.com\/#\/schema\/logo\/image\/","url":"https:\/\/4k5tools.com\/wp-content\/uploads\/2022\/04\/4K5_Better-Equipment.webp","contentUrl":"https:\/\/4k5tools.com\/wp-content\/uploads\/2022\/04\/4K5_Better-Equipment.webp","width":550,"height":200,"caption":"4K5 BETTER EQUIPMENT"},"image":{"@id":"https:\/\/4k5tools.com\/#\/schema\/logo\/image\/"}}]}},"_links":{"self":[{"href":"https:\/\/4k5tools.com\/nl\/wp-json\/wp\/v2\/product\/4692","targetHints":{"allow":["GET"]}}],"collection":[{"href":"https:\/\/4k5tools.com\/nl\/wp-json\/wp\/v2\/product"}],"about":[{"href":"https:\/\/4k5tools.com\/nl\/wp-json\/wp\/v2\/types\/product"}],"wp:featuredmedia":[{"embeddable":true,"href":"https:\/\/4k5tools.com\/nl\/wp-json\/wp\/v2\/media\/4738"}],"wp:attachment":[{"href":"https:\/\/4k5tools.com\/nl\/wp-json\/wp\/v2\/media?parent=4692"}],"wp:term":[{"taxonomy":"product_brand","embeddable":true,"href":"https:\/\/4k5tools.com\/nl\/wp-json\/wp\/v2\/product_brand?post=4692"},{"taxonomy":"product_cat","embeddable":true,"href":"https:\/\/4k5tools.com\/nl\/wp-json\/wp\/v2\/product_cat?post=4692"},{"taxonomy":"product_tag","embeddable":true,"href":"https:\/\/4k5tools.com\/nl\/wp-json\/wp\/v2\/product_tag?post=4692"}],"curies":[{"name":"wp","href":"https:\/\/api.w.org\/{rel}","templated":true}]}}