{"id":5383,"date":"2025-06-26T07:58:11","date_gmt":"2025-06-26T05:58:11","guid":{"rendered":"https:\/\/4k5tools.com\/?post_type=product&#038;p=5383"},"modified":"2026-03-04T08:14:29","modified_gmt":"2026-03-04T07:14:29","slug":"sq-300","status":"publish","type":"product","link":"https:\/\/4k5tools.com\/nl\/produkte\/neuheiten\/messzeuge-neuheiten\/sq-300\/","title":{"rendered":"SQ 300"},"content":{"rendered":"<p>Deze veelzijdige timmermanshaak (300 mm) is uitermate geschikt voor grotere werkstukken en vergemakkelijkt het snel uitlijnen en het precies aftekenen bij bouw- en houtwerkzaamheden. Tot de uitgebreide gebruiksmogelijkheden behoren het overbrengen van hoeken en het gebruik als liniaal, verstekhulp, het aftekenen van lijnen en zaaggeleiding. De 90\u00b0-hoekschaal maakt tijdbesparend vastleggen en overbrengen van hoeken mogelijk, ideaal voor zaagsnedes en versteksnedes. De schaalverdelingen voor de stijging van normale spanten (COMMON) alsook heup- en dalspanten (HIP-VAL) zijn speciaal voor het werken aan dakconstructies. De aanslagklem verhindert het wegglijden van het aftekenen en zorgt hierdoor voor precieze markeringen. De ge\u00efntegreerde liniaal maakt het eenvoudig overbrengen van lengtes direct aan het werkstuk mogelijk. De praktische geleidingslijst dient voor het positioneren langs randen en is optimaal voor het aanbrengen van parallelle markeringen. De timmermanshaak kan bovendien als geleiderail voor het zagen bij precieze verstek- en langszaagsnedes worden gebruikt. Ge\u00efntegreerde kerven maken het snel markeren van langszaagsnedes mogelijk. De lasergegraveerde schaal op het matte, rode frame garandeert permanent goede afleesbaarheid. Gemaakt van hoogwaardige aluminiumlegering, duurzaam en breukvast. Bij niet-gebruik kan het gemakkelijk op een wandhouder of een haak worden opgehangen.<\/p>","protected":false},"excerpt":{"rendered":"<p>Veelzijdige timmermanshaak (300 mm) voor grotere werkstukken voor het snel uitlijnen en aftekenen bij bouw- en houtwerkzaamheden<\/p>\n<ul>\n<li>HEAVY DUTY: Perfect voor grotere werkstukken<\/li>\n<li>MULTI USE: Hoekoverdracht, liniaal, verstekgeleider, lijnkrabber &amp; zaaggeleider<\/li>\n<li>QUICK MARKING: Snelle markering en uitlijning<\/li>\n<li>ANGLE FINDER: Snelle hoekingave &amp; overdracht met 90\u00b0 schaal<\/li>\n<li>ROOF CONSTRUCTION: COMMON + HIP\u2011VAL schalen voor dakwerk<\/li>\n<li>CENTRAL PIVOT POINT: Vereenvoudigt hoekoverdracht &amp; markering<\/li>\n<li>LOCK STOP: Klem voorkomt verschuiving<\/li>\n<li>LENGTH GUIDE: Ge\u00efntegreerde liniaal voor snelle lengteoverdracht<\/li>\n<li>GUIDE RAIL: Ideaal voor randuitlijning en parallelle markeringen<\/li>\n<li>SAW GUIDE: Te gebruiken als zaaggeleider voor nauwkeurige zaagsneden<\/li>\n<li>MARKING NOTCHES: Inkepingen voor snelle, nauwkeurige rechte markeringen<\/li>\n<li>DURAGRAV: Lasergegraveerde schaal op mat rood frame voor blijvende leesbaarheid<\/li>\n<li>ELOX SHIELD: Geanodiseerd oppervlak beschermt tegen corrosie<\/li>\n<li>CHECK GAUGE: Te gebruiken als controle-liniaal<\/li>\n<li>DURASTRONG CONSTRUCTION: Hoogwaardig aluminium, duurzaam en breukbestendig<\/li>\n<li>SMART STORAGE: Makkelijk op te hangen aan wand of haak<\/li>\n<\/ul>","protected":false},"featured_media":5389,"template":"","meta":{"ocean_post_layout":"","ocean_both_sidebars_style":"","ocean_both_sidebars_content_width":0,"ocean_both_sidebars_sidebars_width":0,"ocean_sidebar":"0","ocean_second_sidebar":"0","ocean_disable_margins":"enable","ocean_add_body_class":"","ocean_shortcode_before_top_bar":"","ocean_shortcode_after_top_bar":"","ocean_shortcode_before_header":"","ocean_shortcode_after_header":"","ocean_has_shortcode":"","ocean_shortcode_after_title":"","ocean_shortcode_before_footer_widgets":"","ocean_shortcode_after_footer_widgets":"","ocean_shortcode_before_footer_bottom":"","ocean_shortcode_after_footer_bottom":"","ocean_display_top_bar":"default","ocean_display_header":"default","ocean_header_style":"","ocean_center_header_left_menu":"0","ocean_custom_header_template":"0","ocean_custom_logo":0,"ocean_custom_retina_logo":0,"ocean_custom_logo_max_width":0,"ocean_custom_logo_tablet_max_width":0,"ocean_custom_logo_mobile_max_width":0,"ocean_custom_logo_max_height":0,"ocean_custom_logo_tablet_max_height":0,"ocean_custom_logo_mobile_max_height":0,"ocean_header_custom_menu":"0","ocean_menu_typo_font_family":"0","ocean_menu_typo_font_subset":"","ocean_menu_typo_font_size":0,"ocean_menu_typo_font_size_tablet":0,"ocean_menu_typo_font_size_mobile":0,"ocean_menu_typo_font_size_unit":"px","ocean_menu_typo_font_weight":"","ocean_menu_typo_font_weight_tablet":"","ocean_menu_typo_font_weight_mobile":"","ocean_menu_typo_transform":"","ocean_menu_typo_transform_tablet":"","ocean_menu_typo_transform_mobile":"","ocean_menu_typo_line_height":0,"ocean_menu_typo_line_height_tablet":0,"ocean_menu_typo_line_height_mobile":0,"ocean_menu_typo_line_height_unit":"","ocean_menu_typo_spacing":0,"ocean_menu_typo_spacing_tablet":0,"ocean_menu_typo_spacing_mobile":0,"ocean_menu_typo_spacing_unit":"","ocean_menu_link_color":"","ocean_menu_link_color_hover":"","ocean_menu_link_color_active":"","ocean_menu_link_background":"","ocean_menu_link_hover_background":"","ocean_menu_link_active_background":"","ocean_menu_social_links_bg":"","ocean_menu_social_hover_links_bg":"","ocean_menu_social_links_color":"","ocean_menu_social_hover_links_color":"","ocean_disable_title":"default","ocean_disable_heading":"default","ocean_post_title":"","ocean_post_subheading":"","ocean_post_title_style":"","ocean_post_title_background_color":"","ocean_post_title_background":0,"ocean_post_title_bg_image_position":"","ocean_post_title_bg_image_attachment":"","ocean_post_title_bg_image_repeat":"","ocean_post_title_bg_image_size":"","ocean_post_title_height":0,"ocean_post_title_bg_overlay":0.5,"ocean_post_title_bg_overlay_color":"","ocean_disable_breadcrumbs":"default","ocean_breadcrumbs_color":"","ocean_breadcrumbs_separator_color":"","ocean_breadcrumbs_links_color":"","ocean_breadcrumbs_links_hover_color":"","ocean_display_footer_widgets":"default","ocean_display_footer_bottom":"default","ocean_custom_footer_template":"0"},"product_brand":[],"product_cat":[53,91,89,97],"product_tag":[],"class_list":{"0":"post-5383","1":"product","2":"type-product","3":"status-publish","4":"has-post-thumbnail","6":"product_cat-messzeuge","7":"product_cat-messzeuge-neuheiten","8":"product_cat-neuheiten","9":"product_cat-zimmermannswinkel","11":"entry","12":"has-media","14":"first","15":"instock","16":"shipping-taxable","17":"product-type-simple","18":"has-product-nav","19":"col","20":"span_1_of_3","21":"owp-content-center","22":"owp-thumbs-layout-horizontal","23":"owp-btn-normal","24":"owp-tabs-layout-horizontal"},"yoast_head":"<!-- This site is optimized with the Yoast SEO plugin v27.3 - https:\/\/yoast.com\/product\/yoast-seo-wordpress\/ -->\n<title>SQ 300 - 4K5 BETTER EQUIPMENT<\/title>\n<meta name=\"robots\" content=\"index, follow, max-snippet:-1, max-image-preview:large, max-video-preview:-1\" \/>\n<link rel=\"canonical\" href=\"https:\/\/4k5tools.com\/nl\/produkte\/neuheiten\/messzeuge-neuheiten\/sq-300\/\" \/>\n<meta property=\"og:locale\" content=\"nl_NL\" \/>\n<meta property=\"og:type\" content=\"article\" \/>\n<meta property=\"og:title\" content=\"SQ 300 - 4K5 BETTER EQUIPMENT\" \/>\n<meta property=\"og:description\" content=\"Vielseitiger Zimmermannswinkel (300 mm) f\u00fcr gr\u00f6\u00dfere Werkst\u00fccke zum schnellen Ausrichten und Anrei\u00dfen bei Bau- und Holzarbeiten   HEAVY DUTY: Perfekt f\u00fcr gr\u00f6\u00dfere Werkst\u00fccke  MULTI USE: Einsetzbar zum \u00dcbertragen von Winkeln, als Lineal, Gehrungshilfe, Linienanrei\u00dfer und S\u00e4gef\u00fchrung  QUICK MARKING: Hohe Arbeitsgeschwindigkeit beim Anrei\u00dfen und Ausrichten  ANGLE FINDER: Schnelles Festlegen und \u00dcbertragen von Winkeln per 90\u00b0-Winkelskala, ideal f\u00fcr Schr\u00e4gschnitte und Gehrungen  ROOF CONSTRUCTION: Ideal f\u00fcr Zimmermannsarbeiten durch Skalen f\u00fcr die Steigung von Normalsparren (COMMON) sowie Grat- und Kehlsparren (HIP-VAL)  CENTRAL PIVOT POINT: Drehpunkt erleichtert das \u00dcbertragen und Anrei\u00dfen von Winkeln  LOCK STOP: Anschlagsklemme verhindert ein Verrutschen des Werkzeugs beim Anzeichnen  LENGTH GUIDE: Integriertes Lineal zum schnellen \u00dcbertragen von L\u00e4ngen direkt am Werkst\u00fcck  GUIDE RAIL: Praktische F\u00fchrungsleiste zum Anlegen an Kanten, optimal zum Erstellen von parallelen Markierungen  SAW GUIDE: Nutzbar als F\u00fchrungsschiene f\u00fcr S\u00e4gen bei genauen Gehrungs- und L\u00e4ngsschnitten  MARKING NOTCHES: Integrierte Kerben zum schnellen und exakten Markieren f\u00fcr L\u00e4ngsschnitte  DURAGRAV: Lasergravierte Skala auf mattem, rotem Rahmen garantiert dauerhaft gute Ablesbarkeit  ELOX SHIELD: Eloxierte Oberfl\u00e4che sch\u00fctzt vor Korrosion  CHECK GAUGE: Verwendung als Lehre f\u00fcr einfaches Kontrollieren an einem vorhandenen Anri\u00df oder Schneidkante  DURASTRONG CONSTRUCTION: Gefertigt aus hochwertiger Aluminiumlegierung, langlebig und bruchresistent  SMART STORAGE: Einfaches Aufh\u00e4ngen bei Nichtgebrauch\" \/>\n<meta property=\"og:url\" content=\"https:\/\/4k5tools.com\/nl\/produkte\/neuheiten\/messzeuge-neuheiten\/sq-300\/\" \/>\n<meta property=\"og:site_name\" content=\"4K5 BETTER EQUIPMENT\" \/>\n<meta property=\"article:modified_time\" content=\"2026-03-04T07:14:29+00:00\" \/>\n<meta property=\"og:image\" content=\"https:\/\/4k5tools.com\/wp-content\/uploads\/2025\/06\/601.300A_10_Zimmermannswinkel.webp\" \/>\n\t<meta property=\"og:image:width\" content=\"1300\" \/>\n\t<meta property=\"og:image:height\" content=\"1300\" \/>\n\t<meta property=\"og:image:type\" content=\"image\/webp\" \/>\n<meta name=\"twitter:card\" content=\"summary_large_image\" \/>\n<meta name=\"twitter:label1\" content=\"Verwachte leestijd\" \/>\n\t<meta name=\"twitter:data1\" content=\"2 minuten\" \/>\n<script type=\"application\/ld+json\" class=\"yoast-schema-graph\">{\"@context\":\"https:\\\/\\\/schema.org\",\"@graph\":[{\"@type\":\"WebPage\",\"@id\":\"https:\\\/\\\/4k5tools.com\\\/produkte\\\/neuheiten\\\/messzeuge-neuheiten\\\/sq-300\\\/\",\"url\":\"https:\\\/\\\/4k5tools.com\\\/produkte\\\/neuheiten\\\/messzeuge-neuheiten\\\/sq-300\\\/\",\"name\":\"SQ 300 - 4K5 BETTER EQUIPMENT\",\"isPartOf\":{\"@id\":\"https:\\\/\\\/4k5tools.com\\\/#website\"},\"primaryImageOfPage\":{\"@id\":\"https:\\\/\\\/4k5tools.com\\\/produkte\\\/neuheiten\\\/messzeuge-neuheiten\\\/sq-300\\\/#primaryimage\"},\"image\":{\"@id\":\"https:\\\/\\\/4k5tools.com\\\/produkte\\\/neuheiten\\\/messzeuge-neuheiten\\\/sq-300\\\/#primaryimage\"},\"thumbnailUrl\":\"https:\\\/\\\/4k5tools.com\\\/wp-content\\\/uploads\\\/2025\\\/06\\\/601.300A_10_Zimmermannswinkel.webp\",\"datePublished\":\"2025-06-26T05:58:11+00:00\",\"dateModified\":\"2026-03-04T07:14:29+00:00\",\"breadcrumb\":{\"@id\":\"https:\\\/\\\/4k5tools.com\\\/produkte\\\/neuheiten\\\/messzeuge-neuheiten\\\/sq-300\\\/#breadcrumb\"},\"inLanguage\":\"nl-NL\",\"potentialAction\":[{\"@type\":\"ReadAction\",\"target\":[\"https:\\\/\\\/4k5tools.com\\\/produkte\\\/neuheiten\\\/messzeuge-neuheiten\\\/sq-300\\\/\"]}]},{\"@type\":\"ImageObject\",\"inLanguage\":\"nl-NL\",\"@id\":\"https:\\\/\\\/4k5tools.com\\\/produkte\\\/neuheiten\\\/messzeuge-neuheiten\\\/sq-300\\\/#primaryimage\",\"url\":\"https:\\\/\\\/4k5tools.com\\\/wp-content\\\/uploads\\\/2025\\\/06\\\/601.300A_10_Zimmermannswinkel.webp\",\"contentUrl\":\"https:\\\/\\\/4k5tools.com\\\/wp-content\\\/uploads\\\/2025\\\/06\\\/601.300A_10_Zimmermannswinkel.webp\",\"width\":1300,\"height\":1300,\"caption\":\"Zimmermannswinkel 601.300A SQ 300\"},{\"@type\":\"BreadcrumbList\",\"@id\":\"https:\\\/\\\/4k5tools.com\\\/produkte\\\/neuheiten\\\/messzeuge-neuheiten\\\/sq-300\\\/#breadcrumb\",\"itemListElement\":[{\"@type\":\"ListItem\",\"position\":1,\"name\":\"START\",\"item\":\"https:\\\/\\\/4k5tools.com\\\/\"},{\"@type\":\"ListItem\",\"position\":2,\"name\":\"PRODUKTE\",\"item\":\"https:\\\/\\\/4k5tools.com\\\/shop\\\/\"},{\"@type\":\"ListItem\",\"position\":3,\"name\":\"MESSZEUGE\",\"item\":\"https:\\\/\\\/4k5tools.com\\\/produkt-kategorie\\\/messzeuge\\\/\"},{\"@type\":\"ListItem\",\"position\":4,\"name\":\"ZIMMERMANNSWINKEL\",\"item\":\"https:\\\/\\\/4k5tools.com\\\/produkt-kategorie\\\/messzeuge\\\/zimmermannswinkel\\\/\"},{\"@type\":\"ListItem\",\"position\":5,\"name\":\"SQ 300\"}]},{\"@type\":\"WebSite\",\"@id\":\"https:\\\/\\\/4k5tools.com\\\/#website\",\"url\":\"https:\\\/\\\/4k5tools.com\\\/\",\"name\":\"4K5 BETTER EQUIPMENT\",\"description\":\"\",\"publisher\":{\"@id\":\"https:\\\/\\\/4k5tools.com\\\/#organization\"},\"potentialAction\":[{\"@type\":\"SearchAction\",\"target\":{\"@type\":\"EntryPoint\",\"urlTemplate\":\"https:\\\/\\\/4k5tools.com\\\/?s={search_term_string}\"},\"query-input\":{\"@type\":\"PropertyValueSpecification\",\"valueRequired\":true,\"valueName\":\"search_term_string\"}}],\"inLanguage\":\"nl-NL\"},{\"@type\":\"Organization\",\"@id\":\"https:\\\/\\\/4k5tools.com\\\/#organization\",\"name\":\"4K5 BETTER EQUIPMENT\",\"url\":\"https:\\\/\\\/4k5tools.com\\\/\",\"logo\":{\"@type\":\"ImageObject\",\"inLanguage\":\"nl-NL\",\"@id\":\"https:\\\/\\\/4k5tools.com\\\/#\\\/schema\\\/logo\\\/image\\\/\",\"url\":\"https:\\\/\\\/4k5tools.com\\\/wp-content\\\/uploads\\\/2022\\\/04\\\/4K5_Better-Equipment.webp\",\"contentUrl\":\"https:\\\/\\\/4k5tools.com\\\/wp-content\\\/uploads\\\/2022\\\/04\\\/4K5_Better-Equipment.webp\",\"width\":550,\"height\":200,\"caption\":\"4K5 BETTER EQUIPMENT\"},\"image\":{\"@id\":\"https:\\\/\\\/4k5tools.com\\\/#\\\/schema\\\/logo\\\/image\\\/\"}}]}<\/script>\n<!-- \/ Yoast SEO plugin. -->","yoast_head_json":{"title":"SQ 300 - 4K5 BETTER EQUIPMENT","robots":{"index":"index","follow":"follow","max-snippet":"max-snippet:-1","max-image-preview":"max-image-preview:large","max-video-preview":"max-video-preview:-1"},"canonical":"https:\/\/4k5tools.com\/nl\/produkte\/neuheiten\/messzeuge-neuheiten\/sq-300\/","og_locale":"nl_NL","og_type":"article","og_title":"SQ 300 - 4K5 BETTER EQUIPMENT","og_description":"Vielseitiger Zimmermannswinkel (300 mm) f\u00fcr gr\u00f6\u00dfere Werkst\u00fccke zum schnellen Ausrichten und Anrei\u00dfen bei Bau- und Holzarbeiten   HEAVY DUTY: Perfekt f\u00fcr gr\u00f6\u00dfere Werkst\u00fccke  MULTI USE: Einsetzbar zum \u00dcbertragen von Winkeln, als Lineal, Gehrungshilfe, Linienanrei\u00dfer und S\u00e4gef\u00fchrung  QUICK MARKING: Hohe Arbeitsgeschwindigkeit beim Anrei\u00dfen und Ausrichten  ANGLE FINDER: Schnelles Festlegen und \u00dcbertragen von Winkeln per 90\u00b0-Winkelskala, ideal f\u00fcr Schr\u00e4gschnitte und Gehrungen  ROOF CONSTRUCTION: Ideal f\u00fcr Zimmermannsarbeiten durch Skalen f\u00fcr die Steigung von Normalsparren (COMMON) sowie Grat- und Kehlsparren (HIP-VAL)  CENTRAL PIVOT POINT: Drehpunkt erleichtert das \u00dcbertragen und Anrei\u00dfen von Winkeln  LOCK STOP: Anschlagsklemme verhindert ein Verrutschen des Werkzeugs beim Anzeichnen  LENGTH GUIDE: Integriertes Lineal zum schnellen \u00dcbertragen von L\u00e4ngen direkt am Werkst\u00fcck  GUIDE RAIL: Praktische F\u00fchrungsleiste zum Anlegen an Kanten, optimal zum Erstellen von parallelen Markierungen  SAW GUIDE: Nutzbar als F\u00fchrungsschiene f\u00fcr S\u00e4gen bei genauen Gehrungs- und L\u00e4ngsschnitten  MARKING NOTCHES: Integrierte Kerben zum schnellen und exakten Markieren f\u00fcr L\u00e4ngsschnitte  DURAGRAV: Lasergravierte Skala auf mattem, rotem Rahmen garantiert dauerhaft gute Ablesbarkeit  ELOX SHIELD: Eloxierte Oberfl\u00e4che sch\u00fctzt vor Korrosion  CHECK GAUGE: Verwendung als Lehre f\u00fcr einfaches Kontrollieren an einem vorhandenen Anri\u00df oder Schneidkante  DURASTRONG CONSTRUCTION: Gefertigt aus hochwertiger Aluminiumlegierung, langlebig und bruchresistent  SMART STORAGE: Einfaches Aufh\u00e4ngen bei Nichtgebrauch","og_url":"https:\/\/4k5tools.com\/nl\/produkte\/neuheiten\/messzeuge-neuheiten\/sq-300\/","og_site_name":"4K5 BETTER EQUIPMENT","article_modified_time":"2026-03-04T07:14:29+00:00","og_image":[{"width":1300,"height":1300,"url":"https:\/\/4k5tools.com\/wp-content\/uploads\/2025\/06\/601.300A_10_Zimmermannswinkel.webp","type":"image\/webp"}],"twitter_card":"summary_large_image","twitter_misc":{"Verwachte leestijd":"2 minuten"},"schema":{"@context":"https:\/\/schema.org","@graph":[{"@type":"WebPage","@id":"https:\/\/4k5tools.com\/produkte\/neuheiten\/messzeuge-neuheiten\/sq-300\/","url":"https:\/\/4k5tools.com\/produkte\/neuheiten\/messzeuge-neuheiten\/sq-300\/","name":"SQ 300 - 4K5 BETTER EQUIPMENT","isPartOf":{"@id":"https:\/\/4k5tools.com\/#website"},"primaryImageOfPage":{"@id":"https:\/\/4k5tools.com\/produkte\/neuheiten\/messzeuge-neuheiten\/sq-300\/#primaryimage"},"image":{"@id":"https:\/\/4k5tools.com\/produkte\/neuheiten\/messzeuge-neuheiten\/sq-300\/#primaryimage"},"thumbnailUrl":"https:\/\/4k5tools.com\/wp-content\/uploads\/2025\/06\/601.300A_10_Zimmermannswinkel.webp","datePublished":"2025-06-26T05:58:11+00:00","dateModified":"2026-03-04T07:14:29+00:00","breadcrumb":{"@id":"https:\/\/4k5tools.com\/produkte\/neuheiten\/messzeuge-neuheiten\/sq-300\/#breadcrumb"},"inLanguage":"nl-NL","potentialAction":[{"@type":"ReadAction","target":["https:\/\/4k5tools.com\/produkte\/neuheiten\/messzeuge-neuheiten\/sq-300\/"]}]},{"@type":"ImageObject","inLanguage":"nl-NL","@id":"https:\/\/4k5tools.com\/produkte\/neuheiten\/messzeuge-neuheiten\/sq-300\/#primaryimage","url":"https:\/\/4k5tools.com\/wp-content\/uploads\/2025\/06\/601.300A_10_Zimmermannswinkel.webp","contentUrl":"https:\/\/4k5tools.com\/wp-content\/uploads\/2025\/06\/601.300A_10_Zimmermannswinkel.webp","width":1300,"height":1300,"caption":"Zimmermannswinkel 601.300A SQ 300"},{"@type":"BreadcrumbList","@id":"https:\/\/4k5tools.com\/produkte\/neuheiten\/messzeuge-neuheiten\/sq-300\/#breadcrumb","itemListElement":[{"@type":"ListItem","position":1,"name":"START","item":"https:\/\/4k5tools.com\/"},{"@type":"ListItem","position":2,"name":"PRODUKTE","item":"https:\/\/4k5tools.com\/shop\/"},{"@type":"ListItem","position":3,"name":"MESSZEUGE","item":"https:\/\/4k5tools.com\/produkt-kategorie\/messzeuge\/"},{"@type":"ListItem","position":4,"name":"ZIMMERMANNSWINKEL","item":"https:\/\/4k5tools.com\/produkt-kategorie\/messzeuge\/zimmermannswinkel\/"},{"@type":"ListItem","position":5,"name":"SQ 300"}]},{"@type":"WebSite","@id":"https:\/\/4k5tools.com\/#website","url":"https:\/\/4k5tools.com\/","name":"4K5 BETTER EQUIPMENT","description":"","publisher":{"@id":"https:\/\/4k5tools.com\/#organization"},"potentialAction":[{"@type":"SearchAction","target":{"@type":"EntryPoint","urlTemplate":"https:\/\/4k5tools.com\/?s={search_term_string}"},"query-input":{"@type":"PropertyValueSpecification","valueRequired":true,"valueName":"search_term_string"}}],"inLanguage":"nl-NL"},{"@type":"Organization","@id":"https:\/\/4k5tools.com\/#organization","name":"4K5 BETTER EQUIPMENT","url":"https:\/\/4k5tools.com\/","logo":{"@type":"ImageObject","inLanguage":"nl-NL","@id":"https:\/\/4k5tools.com\/#\/schema\/logo\/image\/","url":"https:\/\/4k5tools.com\/wp-content\/uploads\/2022\/04\/4K5_Better-Equipment.webp","contentUrl":"https:\/\/4k5tools.com\/wp-content\/uploads\/2022\/04\/4K5_Better-Equipment.webp","width":550,"height":200,"caption":"4K5 BETTER EQUIPMENT"},"image":{"@id":"https:\/\/4k5tools.com\/#\/schema\/logo\/image\/"}}]}},"_links":{"self":[{"href":"https:\/\/4k5tools.com\/nl\/wp-json\/wp\/v2\/product\/5383","targetHints":{"allow":["GET"]}}],"collection":[{"href":"https:\/\/4k5tools.com\/nl\/wp-json\/wp\/v2\/product"}],"about":[{"href":"https:\/\/4k5tools.com\/nl\/wp-json\/wp\/v2\/types\/product"}],"wp:featuredmedia":[{"embeddable":true,"href":"https:\/\/4k5tools.com\/nl\/wp-json\/wp\/v2\/media\/5389"}],"wp:attachment":[{"href":"https:\/\/4k5tools.com\/nl\/wp-json\/wp\/v2\/media?parent=5383"}],"wp:term":[{"taxonomy":"product_brand","embeddable":true,"href":"https:\/\/4k5tools.com\/nl\/wp-json\/wp\/v2\/product_brand?post=5383"},{"taxonomy":"product_cat","embeddable":true,"href":"https:\/\/4k5tools.com\/nl\/wp-json\/wp\/v2\/product_cat?post=5383"},{"taxonomy":"product_tag","embeddable":true,"href":"https:\/\/4k5tools.com\/nl\/wp-json\/wp\/v2\/product_tag?post=5383"}],"curies":[{"name":"wp","href":"https:\/\/api.w.org\/{rel}","templated":true}]}}