{"id":5578,"date":"2026-03-03T08:25:07","date_gmt":"2026-03-03T07:25:07","guid":{"rendered":"https:\/\/4k5tools.com\/?post_type=product&#038;p=5578"},"modified":"2026-03-04T08:47:49","modified_gmt":"2026-03-04T07:47:49","slug":"sma-100","status":"publish","type":"product","link":"https:\/\/4k5tools.com\/nl\/produkte\/neuheiten\/messzeuge-neuheiten\/sma-100\/","title":{"rendered":"SMA 100"},"content":{"rendered":"<p>Deze multifunctionele liniaal met ge\u00efntegreerde waterpas is de ideale partner voor precieze meet-, markeer- en snijwerkzaamheden. De ge\u00efntegreerde nulpuntschaal maakt het werken vanuit het middelpunt mogelijk en zorgt voor perfect symmetrische resultaten. Twee verschuifbare, cilindrische waterpassen garanderen een exacte nivellering in horizontale en verticale richting, terwijl precieze markeringsinkepingen het precies aftekenen mogelijk maken. Met de verschuifbare mesgeleiding zijn veilige, zuivere snedes mogelijk \u2013 ideaal voor behang, folies of andere fijne materialen. Praktische markeringshulpmiddelen voor stopcontacten met 71 mm hartafstand maken het gereedschap ook onmisbaar voor elektrische installaties. Slipvaste rubberen elementen aan de achterkant zorgen voor een stabiele grip en beschermen gevoelige oppervlakken. Het geheel wordt afgerond door de afneembare greep die op een slimme manier als penhouder kan worden gebruikt.<\/p>","protected":false},"excerpt":{"rendered":"<p>Multifunctionele liniaal met ge\u00efntegreerde waterpas voor precieze meet-, markeer- en snijwerkzaamheden<\/p>\n<ul title=\"\">\n<li title=\"\">MULTI USE: Inzetbaar als liniaal, waterpas en aftekenhulp voor nauwkeurige meet-, markeer- en snijwerkzaamheden<\/li>\n<li title=\"\">ZERO MARK SCALE: Nulpuntschaal ideaal voor het werken vanuit het middelpunt \u2013 voor symmetrische metingen en op de millimeter precies plaatsen<\/li>\n<li title=\"\">FLEX VIALS: 2 verschuifbare, cilindrische waterpassen (horizontaal\/verticaal) zorgen voor exacte nivellering<\/li>\n<li title=\"\">MARKING NOTCHES: Ge\u00efntegreerde inkepingen op de waterpassen om exact te markeren<\/li>\n<li title=\"\">GLIDE KNIFE GUIDE: Verschuifbare mesgeleiding voor veilige, exacte snedes direct langs de rand \u2013 ideaal voor behang of folies<\/li>\n<li title=\"\">SOCKET MARKINGS: Praktische markeringshulpmiddelen voor stopcontacten met 71 mm hartafstand vergemakkelijken elektrische installaties<\/li>\n<li title=\"\">GRIP PADS: Rubberen elementen zorgen voor een goede grip en beschermen gevoelige oppervlakken tegen krassen<\/li>\n<li title=\"\">DUBBLE USE HANDLE: Afneembare greep ook als penhouder bruikbaar<\/li>\n<\/ul>","protected":false},"featured_media":5598,"template":"","meta":{"ocean_post_layout":"","ocean_both_sidebars_style":"","ocean_both_sidebars_content_width":0,"ocean_both_sidebars_sidebars_width":0,"ocean_sidebar":"0","ocean_second_sidebar":"0","ocean_disable_margins":"enable","ocean_add_body_class":"","ocean_shortcode_before_top_bar":"","ocean_shortcode_after_top_bar":"","ocean_shortcode_before_header":"","ocean_shortcode_after_header":"","ocean_has_shortcode":"","ocean_shortcode_after_title":"","ocean_shortcode_before_footer_widgets":"","ocean_shortcode_after_footer_widgets":"","ocean_shortcode_before_footer_bottom":"","ocean_shortcode_after_footer_bottom":"","ocean_display_top_bar":"default","ocean_display_header":"default","ocean_header_style":"","ocean_center_header_left_menu":"0","ocean_custom_header_template":"0","ocean_custom_logo":0,"ocean_custom_retina_logo":0,"ocean_custom_logo_max_width":0,"ocean_custom_logo_tablet_max_width":0,"ocean_custom_logo_mobile_max_width":0,"ocean_custom_logo_max_height":0,"ocean_custom_logo_tablet_max_height":0,"ocean_custom_logo_mobile_max_height":0,"ocean_header_custom_menu":"0","ocean_menu_typo_font_family":"0","ocean_menu_typo_font_subset":"","ocean_menu_typo_font_size":0,"ocean_menu_typo_font_size_tablet":0,"ocean_menu_typo_font_size_mobile":0,"ocean_menu_typo_font_size_unit":"px","ocean_menu_typo_font_weight":"","ocean_menu_typo_font_weight_tablet":"","ocean_menu_typo_font_weight_mobile":"","ocean_menu_typo_transform":"","ocean_menu_typo_transform_tablet":"","ocean_menu_typo_transform_mobile":"","ocean_menu_typo_line_height":0,"ocean_menu_typo_line_height_tablet":0,"ocean_menu_typo_line_height_mobile":0,"ocean_menu_typo_line_height_unit":"","ocean_menu_typo_spacing":0,"ocean_menu_typo_spacing_tablet":0,"ocean_menu_typo_spacing_mobile":0,"ocean_menu_typo_spacing_unit":"","ocean_menu_link_color":"","ocean_menu_link_color_hover":"","ocean_menu_link_color_active":"","ocean_menu_link_background":"","ocean_menu_link_hover_background":"","ocean_menu_link_active_background":"","ocean_menu_social_links_bg":"","ocean_menu_social_hover_links_bg":"","ocean_menu_social_links_color":"","ocean_menu_social_hover_links_color":"","ocean_disable_title":"default","ocean_disable_heading":"default","ocean_post_title":"","ocean_post_subheading":"","ocean_post_title_style":"","ocean_post_title_background_color":"","ocean_post_title_background":0,"ocean_post_title_bg_image_position":"","ocean_post_title_bg_image_attachment":"","ocean_post_title_bg_image_repeat":"","ocean_post_title_bg_image_size":"","ocean_post_title_height":0,"ocean_post_title_bg_overlay":0.5,"ocean_post_title_bg_overlay_color":"","ocean_disable_breadcrumbs":"default","ocean_breadcrumbs_color":"","ocean_breadcrumbs_separator_color":"","ocean_breadcrumbs_links_color":"","ocean_breadcrumbs_links_hover_color":"","ocean_display_footer_widgets":"default","ocean_display_footer_bottom":"default","ocean_custom_footer_template":"0"},"product_brand":[],"product_cat":[91,101],"product_tag":[],"class_list":{"0":"post-5578","1":"product","2":"type-product","3":"status-publish","4":"has-post-thumbnail","6":"product_cat-messzeuge-neuheiten","7":"product_cat-multifunktions-lineal","9":"entry","10":"has-media","12":"first","13":"instock","14":"shipping-taxable","15":"product-type-simple","16":"has-product-nav","17":"col","18":"span_1_of_3","19":"owp-content-center","20":"owp-thumbs-layout-horizontal","21":"owp-btn-normal","22":"owp-tabs-layout-horizontal"},"yoast_head":"<!-- This site is optimized with the Yoast SEO plugin v27.6 - https:\/\/yoast.com\/product\/yoast-seo-wordpress\/ -->\n<title>SMA 100 - 4K5 BETTER EQUIPMENT<\/title>\n<meta name=\"robots\" content=\"index, follow, max-snippet:-1, max-image-preview:large, max-video-preview:-1\" \/>\n<link rel=\"canonical\" href=\"https:\/\/4k5tools.com\/nl\/produkte\/neuheiten\/messzeuge-neuheiten\/sma-100\/\" \/>\n<meta property=\"og:locale\" content=\"nl_NL\" \/>\n<meta property=\"og:type\" content=\"article\" \/>\n<meta property=\"og:title\" content=\"SMA 100 - 4K5 BETTER EQUIPMENT\" \/>\n<meta property=\"og:description\" content=\"Multifunktions-Lineal mit integrierter Wasserwaage f\u00fcr pr\u00e4zise Mess-, Markier- und Schneidarbeiten   MULTI USE: Einsetzbar als Lineal, Wasserwaage und Anrei\u00dfhilfe f\u00fcr genaue Mess-, Markier- und Schneidarbeiten  ZERO MARK SCALE: Nullpunktskala ideal zum Arbeiten vom Mittelpunkt aus \u2013 f\u00fcr symmetrische Messungen und millimetergenaues Platzieren  FLEX VIALS: 2 verschiebbare, zylindrische Libellen (horizontal\/vertikal), erm\u00f6glichen exakte Nivellierung  MARKING NOTCHES: Integrierte Kerben an den Libellen zum exakten Markieren  GLIDE KNIFE GUIDE: Verschiebbare Messerf\u00fchrung f\u00fcr sichere, exakte Schnitte direkt entlang der Kante \u2013 ideal f\u00fcr Tapeten oder Folien  SOCKET MARKINGS: Praktische Markierungshilfen f\u00fcr Steckdosenabst\u00e4nde in 71-mm-Intervallen erleichtern Elektroinstallationen  GRIP PADS: Gummi-Elemente sorgen f\u00fcr sicheren Halt und sch\u00fctzen empfindliche Oberfl\u00e4chen vor Kratzern  DUBBLE USE HANDLE: Abnehmbarer Griff auch als Stifthalter nutzbar\" \/>\n<meta property=\"og:url\" content=\"https:\/\/4k5tools.com\/nl\/produkte\/neuheiten\/messzeuge-neuheiten\/sma-100\/\" \/>\n<meta property=\"og:site_name\" content=\"4K5 BETTER EQUIPMENT\" \/>\n<meta property=\"article:modified_time\" content=\"2026-03-04T07:47:49+00:00\" \/>\n<meta property=\"og:image\" content=\"https:\/\/4k5tools.com\/wp-content\/uploads\/2026\/03\/603.314-100_Multifunktionslineal.webp\" \/>\n\t<meta property=\"og:image:width\" content=\"1300\" \/>\n\t<meta property=\"og:image:height\" content=\"1300\" \/>\n\t<meta property=\"og:image:type\" content=\"image\/webp\" \/>\n<meta name=\"twitter:card\" content=\"summary_large_image\" \/>\n<meta name=\"twitter:label1\" content=\"Verwachte leestijd\" \/>\n\t<meta name=\"twitter:data1\" content=\"1 minuut\" \/>\n<script type=\"application\/ld+json\" class=\"yoast-schema-graph\">{\"@context\":\"https:\\\/\\\/schema.org\",\"@graph\":[{\"@type\":\"WebPage\",\"@id\":\"https:\\\/\\\/4k5tools.com\\\/produkte\\\/neuheiten\\\/messzeuge-neuheiten\\\/sma-100\\\/\",\"url\":\"https:\\\/\\\/4k5tools.com\\\/produkte\\\/neuheiten\\\/messzeuge-neuheiten\\\/sma-100\\\/\",\"name\":\"SMA 100 - 4K5 BETTER EQUIPMENT\",\"isPartOf\":{\"@id\":\"https:\\\/\\\/4k5tools.com\\\/#website\"},\"primaryImageOfPage\":{\"@id\":\"https:\\\/\\\/4k5tools.com\\\/produkte\\\/neuheiten\\\/messzeuge-neuheiten\\\/sma-100\\\/#primaryimage\"},\"image\":{\"@id\":\"https:\\\/\\\/4k5tools.com\\\/produkte\\\/neuheiten\\\/messzeuge-neuheiten\\\/sma-100\\\/#primaryimage\"},\"thumbnailUrl\":\"https:\\\/\\\/4k5tools.com\\\/wp-content\\\/uploads\\\/2026\\\/03\\\/603.314-100_Multifunktionslineal.webp\",\"datePublished\":\"2026-03-03T07:25:07+00:00\",\"dateModified\":\"2026-03-04T07:47:49+00:00\",\"breadcrumb\":{\"@id\":\"https:\\\/\\\/4k5tools.com\\\/produkte\\\/neuheiten\\\/messzeuge-neuheiten\\\/sma-100\\\/#breadcrumb\"},\"inLanguage\":\"nl-NL\",\"potentialAction\":[{\"@type\":\"ReadAction\",\"target\":[\"https:\\\/\\\/4k5tools.com\\\/produkte\\\/neuheiten\\\/messzeuge-neuheiten\\\/sma-100\\\/\"]}]},{\"@type\":\"ImageObject\",\"inLanguage\":\"nl-NL\",\"@id\":\"https:\\\/\\\/4k5tools.com\\\/produkte\\\/neuheiten\\\/messzeuge-neuheiten\\\/sma-100\\\/#primaryimage\",\"url\":\"https:\\\/\\\/4k5tools.com\\\/wp-content\\\/uploads\\\/2026\\\/03\\\/603.314-100_Multifunktionslineal.webp\",\"contentUrl\":\"https:\\\/\\\/4k5tools.com\\\/wp-content\\\/uploads\\\/2026\\\/03\\\/603.314-100_Multifunktionslineal.webp\",\"width\":1300,\"height\":1300,\"caption\":\"603.314-100 Multifunktionslineal\"},{\"@type\":\"BreadcrumbList\",\"@id\":\"https:\\\/\\\/4k5tools.com\\\/produkte\\\/neuheiten\\\/messzeuge-neuheiten\\\/sma-100\\\/#breadcrumb\",\"itemListElement\":[{\"@type\":\"ListItem\",\"position\":1,\"name\":\"START\",\"item\":\"https:\\\/\\\/4k5tools.com\\\/\"},{\"@type\":\"ListItem\",\"position\":2,\"name\":\"PRODUKTE\",\"item\":\"https:\\\/\\\/4k5tools.com\\\/shop\\\/\"},{\"@type\":\"ListItem\",\"position\":3,\"name\":\"MESSZEUGE\",\"item\":\"https:\\\/\\\/4k5tools.com\\\/produkt-kategorie\\\/messzeuge\\\/\"},{\"@type\":\"ListItem\",\"position\":4,\"name\":\"MULTIFUNKTIONS-LINEAL\",\"item\":\"https:\\\/\\\/4k5tools.com\\\/produkt-kategorie\\\/messzeuge\\\/multifunktions-lineal\\\/\"},{\"@type\":\"ListItem\",\"position\":5,\"name\":\"SMA 100\"}]},{\"@type\":\"WebSite\",\"@id\":\"https:\\\/\\\/4k5tools.com\\\/#website\",\"url\":\"https:\\\/\\\/4k5tools.com\\\/\",\"name\":\"4K5 BETTER EQUIPMENT\",\"description\":\"\",\"publisher\":{\"@id\":\"https:\\\/\\\/4k5tools.com\\\/#organization\"},\"potentialAction\":[{\"@type\":\"SearchAction\",\"target\":{\"@type\":\"EntryPoint\",\"urlTemplate\":\"https:\\\/\\\/4k5tools.com\\\/?s={search_term_string}\"},\"query-input\":{\"@type\":\"PropertyValueSpecification\",\"valueRequired\":true,\"valueName\":\"search_term_string\"}}],\"inLanguage\":\"nl-NL\"},{\"@type\":\"Organization\",\"@id\":\"https:\\\/\\\/4k5tools.com\\\/#organization\",\"name\":\"4K5 BETTER EQUIPMENT\",\"url\":\"https:\\\/\\\/4k5tools.com\\\/\",\"logo\":{\"@type\":\"ImageObject\",\"inLanguage\":\"nl-NL\",\"@id\":\"https:\\\/\\\/4k5tools.com\\\/#\\\/schema\\\/logo\\\/image\\\/\",\"url\":\"https:\\\/\\\/4k5tools.com\\\/wp-content\\\/uploads\\\/2022\\\/04\\\/4K5_Better-Equipment.webp\",\"contentUrl\":\"https:\\\/\\\/4k5tools.com\\\/wp-content\\\/uploads\\\/2022\\\/04\\\/4K5_Better-Equipment.webp\",\"width\":550,\"height\":200,\"caption\":\"4K5 BETTER EQUIPMENT\"},\"image\":{\"@id\":\"https:\\\/\\\/4k5tools.com\\\/#\\\/schema\\\/logo\\\/image\\\/\"}}]}<\/script>\n<!-- \/ Yoast SEO plugin. -->","yoast_head_json":{"title":"SMA 100 - 4K5 BETTER EQUIPMENT","robots":{"index":"index","follow":"follow","max-snippet":"max-snippet:-1","max-image-preview":"max-image-preview:large","max-video-preview":"max-video-preview:-1"},"canonical":"https:\/\/4k5tools.com\/nl\/produkte\/neuheiten\/messzeuge-neuheiten\/sma-100\/","og_locale":"nl_NL","og_type":"article","og_title":"SMA 100 - 4K5 BETTER EQUIPMENT","og_description":"Multifunktions-Lineal mit integrierter Wasserwaage f\u00fcr pr\u00e4zise Mess-, Markier- und Schneidarbeiten   MULTI USE: Einsetzbar als Lineal, Wasserwaage und Anrei\u00dfhilfe f\u00fcr genaue Mess-, Markier- und Schneidarbeiten  ZERO MARK SCALE: Nullpunktskala ideal zum Arbeiten vom Mittelpunkt aus \u2013 f\u00fcr symmetrische Messungen und millimetergenaues Platzieren  FLEX VIALS: 2 verschiebbare, zylindrische Libellen (horizontal\/vertikal), erm\u00f6glichen exakte Nivellierung  MARKING NOTCHES: Integrierte Kerben an den Libellen zum exakten Markieren  GLIDE KNIFE GUIDE: Verschiebbare Messerf\u00fchrung f\u00fcr sichere, exakte Schnitte direkt entlang der Kante \u2013 ideal f\u00fcr Tapeten oder Folien  SOCKET MARKINGS: Praktische Markierungshilfen f\u00fcr Steckdosenabst\u00e4nde in 71-mm-Intervallen erleichtern Elektroinstallationen  GRIP PADS: Gummi-Elemente sorgen f\u00fcr sicheren Halt und sch\u00fctzen empfindliche Oberfl\u00e4chen vor Kratzern  DUBBLE USE HANDLE: Abnehmbarer Griff auch als Stifthalter nutzbar","og_url":"https:\/\/4k5tools.com\/nl\/produkte\/neuheiten\/messzeuge-neuheiten\/sma-100\/","og_site_name":"4K5 BETTER EQUIPMENT","article_modified_time":"2026-03-04T07:47:49+00:00","og_image":[{"width":1300,"height":1300,"url":"https:\/\/4k5tools.com\/wp-content\/uploads\/2026\/03\/603.314-100_Multifunktionslineal.webp","type":"image\/webp"}],"twitter_card":"summary_large_image","twitter_misc":{"Verwachte leestijd":"1 minuut"},"schema":{"@context":"https:\/\/schema.org","@graph":[{"@type":"WebPage","@id":"https:\/\/4k5tools.com\/produkte\/neuheiten\/messzeuge-neuheiten\/sma-100\/","url":"https:\/\/4k5tools.com\/produkte\/neuheiten\/messzeuge-neuheiten\/sma-100\/","name":"SMA 100 - 4K5 BETTER EQUIPMENT","isPartOf":{"@id":"https:\/\/4k5tools.com\/#website"},"primaryImageOfPage":{"@id":"https:\/\/4k5tools.com\/produkte\/neuheiten\/messzeuge-neuheiten\/sma-100\/#primaryimage"},"image":{"@id":"https:\/\/4k5tools.com\/produkte\/neuheiten\/messzeuge-neuheiten\/sma-100\/#primaryimage"},"thumbnailUrl":"https:\/\/4k5tools.com\/wp-content\/uploads\/2026\/03\/603.314-100_Multifunktionslineal.webp","datePublished":"2026-03-03T07:25:07+00:00","dateModified":"2026-03-04T07:47:49+00:00","breadcrumb":{"@id":"https:\/\/4k5tools.com\/produkte\/neuheiten\/messzeuge-neuheiten\/sma-100\/#breadcrumb"},"inLanguage":"nl-NL","potentialAction":[{"@type":"ReadAction","target":["https:\/\/4k5tools.com\/produkte\/neuheiten\/messzeuge-neuheiten\/sma-100\/"]}]},{"@type":"ImageObject","inLanguage":"nl-NL","@id":"https:\/\/4k5tools.com\/produkte\/neuheiten\/messzeuge-neuheiten\/sma-100\/#primaryimage","url":"https:\/\/4k5tools.com\/wp-content\/uploads\/2026\/03\/603.314-100_Multifunktionslineal.webp","contentUrl":"https:\/\/4k5tools.com\/wp-content\/uploads\/2026\/03\/603.314-100_Multifunktionslineal.webp","width":1300,"height":1300,"caption":"603.314-100 Multifunktionslineal"},{"@type":"BreadcrumbList","@id":"https:\/\/4k5tools.com\/produkte\/neuheiten\/messzeuge-neuheiten\/sma-100\/#breadcrumb","itemListElement":[{"@type":"ListItem","position":1,"name":"START","item":"https:\/\/4k5tools.com\/"},{"@type":"ListItem","position":2,"name":"PRODUKTE","item":"https:\/\/4k5tools.com\/shop\/"},{"@type":"ListItem","position":3,"name":"MESSZEUGE","item":"https:\/\/4k5tools.com\/produkt-kategorie\/messzeuge\/"},{"@type":"ListItem","position":4,"name":"MULTIFUNKTIONS-LINEAL","item":"https:\/\/4k5tools.com\/produkt-kategorie\/messzeuge\/multifunktions-lineal\/"},{"@type":"ListItem","position":5,"name":"SMA 100"}]},{"@type":"WebSite","@id":"https:\/\/4k5tools.com\/#website","url":"https:\/\/4k5tools.com\/","name":"4K5 BETTER EQUIPMENT","description":"","publisher":{"@id":"https:\/\/4k5tools.com\/#organization"},"potentialAction":[{"@type":"SearchAction","target":{"@type":"EntryPoint","urlTemplate":"https:\/\/4k5tools.com\/?s={search_term_string}"},"query-input":{"@type":"PropertyValueSpecification","valueRequired":true,"valueName":"search_term_string"}}],"inLanguage":"nl-NL"},{"@type":"Organization","@id":"https:\/\/4k5tools.com\/#organization","name":"4K5 BETTER EQUIPMENT","url":"https:\/\/4k5tools.com\/","logo":{"@type":"ImageObject","inLanguage":"nl-NL","@id":"https:\/\/4k5tools.com\/#\/schema\/logo\/image\/","url":"https:\/\/4k5tools.com\/wp-content\/uploads\/2022\/04\/4K5_Better-Equipment.webp","contentUrl":"https:\/\/4k5tools.com\/wp-content\/uploads\/2022\/04\/4K5_Better-Equipment.webp","width":550,"height":200,"caption":"4K5 BETTER EQUIPMENT"},"image":{"@id":"https:\/\/4k5tools.com\/#\/schema\/logo\/image\/"}}]}},"_links":{"self":[{"href":"https:\/\/4k5tools.com\/nl\/wp-json\/wp\/v2\/product\/5578","targetHints":{"allow":["GET"]}}],"collection":[{"href":"https:\/\/4k5tools.com\/nl\/wp-json\/wp\/v2\/product"}],"about":[{"href":"https:\/\/4k5tools.com\/nl\/wp-json\/wp\/v2\/types\/product"}],"wp:featuredmedia":[{"embeddable":true,"href":"https:\/\/4k5tools.com\/nl\/wp-json\/wp\/v2\/media\/5598"}],"wp:attachment":[{"href":"https:\/\/4k5tools.com\/nl\/wp-json\/wp\/v2\/media?parent=5578"}],"wp:term":[{"taxonomy":"product_brand","embeddable":true,"href":"https:\/\/4k5tools.com\/nl\/wp-json\/wp\/v2\/product_brand?post=5578"},{"taxonomy":"product_cat","embeddable":true,"href":"https:\/\/4k5tools.com\/nl\/wp-json\/wp\/v2\/product_cat?post=5578"},{"taxonomy":"product_tag","embeddable":true,"href":"https:\/\/4k5tools.com\/nl\/wp-json\/wp\/v2\/product_tag?post=5578"}],"curies":[{"name":"wp","href":"https:\/\/api.w.org\/{rel}","templated":true}]}}